{"id":45302,"date":"2022-12-07T12:08:59","date_gmt":"2022-12-07T12:08:59","guid":{"rendered":"https:\/\/solidaridadintergeneracional.es\/wp\/?page_id=45302"},"modified":"2022-12-07T12:33:00","modified_gmt":"2022-12-07T12:33:00","slug":"politica-de-privacidad","status":"publish","type":"page","link":"https:\/\/solidaridadintergeneracional.es\/wp\/politica-de-privacidad\/","title":{"rendered":"Pol\u00edtica de Privacidad"},"content":{"rendered":"\t\t<div data-elementor-type=\"wp-page\" data-elementor-id=\"45302\" class=\"elementor elementor-45302\" data-elementor-post-type=\"page\">\n\t\t\t\t\t\t<section class=\"elementor-section elementor-top-section elementor-element elementor-element-3ed206e elementor-section-boxed elementor-section-height-default elementor-section-height-default parallax_section_no qode_elementor_container_no\" data-id=\"3ed206e\" data-element_type=\"section\" data-e-type=\"section\">\n\t\t\t\t\t\t<div class=\"elementor-container elementor-column-gap-default\">\n\t\t\t\t\t<div class=\"elementor-column elementor-col-100 elementor-top-column elementor-element elementor-element-e448e22\" data-id=\"e448e22\" data-element_type=\"column\" data-e-type=\"column\">\n\t\t\t<div class=\"elementor-widget-wrap elementor-element-populated\">\n\t\t\t\t\t\t<div class=\"elementor-element elementor-element-79cab94 elementor-widget elementor-widget-heading\" data-id=\"79cab94\" data-element_type=\"widget\" data-e-type=\"widget\" data-widget_type=\"heading.default\">\n\t\t\t\t<div class=\"elementor-widget-container\">\n\t\t\t\t\t<h1 class=\"elementor-heading-title elementor-size-default\">POL\u00cdTICA DE PRIVACIDAD<\/h1>\t\t\t\t<\/div>\n\t\t\t\t<\/div>\n\t\t\t\t\t<\/div>\n\t\t<\/div>\n\t\t\t\t\t<\/div>\n\t\t<\/section>\n\t\t\t\t<section class=\"elementor-section elementor-top-section elementor-element elementor-element-ffc008c elementor-section-boxed elementor-section-height-default elementor-section-height-default parallax_section_no qode_elementor_container_no\" data-id=\"ffc008c\" data-element_type=\"section\" data-e-type=\"section\">\n\t\t\t\t\t\t<div class=\"elementor-container elementor-column-gap-default\">\n\t\t\t\t\t<div class=\"elementor-column elementor-col-100 elementor-top-column elementor-element elementor-element-8599f00\" data-id=\"8599f00\" data-element_type=\"column\" data-e-type=\"column\">\n\t\t\t<div class=\"elementor-widget-wrap elementor-element-populated\">\n\t\t\t\t\t\t<div class=\"elementor-element elementor-element-babed78 elementor-widget elementor-widget-text-editor\" data-id=\"babed78\" data-element_type=\"widget\" data-e-type=\"widget\" data-widget_type=\"text-editor.default\">\n\t\t\t\t<div class=\"elementor-widget-container\">\n\t\t\t\t\t\t\t\t\t<p><span style=\"text-decoration: underline;\"><strong>INFORMACI\u00d3N B\u00c1SICA<\/strong><\/span><\/p><p>\u00a0<\/p><p>Responsable: Solidaridad Intergeneracional (en adelante S.I.)<\/p><p>\u00a0<\/p><p>Direcci\u00f3n Postal a efectos de notificaci\u00f3n: C\/ Guerrero Juli\u00e1n S\u00e1nchez, 1 49017 Zamora<\/p><p>\u00a0<\/p><p>Tel\u00e9fono: 980 55 78 38 \/ 900 101 332<\/p><p>\u00a0<\/p><p>Correo electr\u00f3nico: si@solidaridadintergeneracional.es<\/p><p>\u00a0<\/p><p>Con la finalidad de ofrecerle el mejor servicio y con el objeto de facilitar el uso, se analizan el n\u00famero de p\u00e1ginas visitadas, el n\u00famero de visitas, as\u00ed como la actividad de los visitantes y su frecuencia de utilizaci\u00f3n. A estos efectos, S.I. utiliza la informaci\u00f3n estad\u00edstica elaborada por el Proveedor de Servicios de Internet.<\/p><p>\u00a0<\/p><p>No utiliza cookies para recoger informaci\u00f3n de los usuarios. \u00danicamente se utilizan cookies propias, de sesi\u00f3n, con finalidad t\u00e9cnica (aquellas que permiten al usuario la navegaci\u00f3n a trav\u00e9s del sitio web y la utilizaci\u00f3n de las diferentes opciones y servicios que en ella existen).<\/p><p>\u00a0<\/p><p>La web de S.I. contiene enlaces a sitios web de terceros, cuyas pol\u00edticas de privacidad son ajenas a S.I.. Al acceder a tales sitios web usted puede decidir si acepta sus pol\u00edticas de privacidad y de cookies. Con car\u00e1cter general, si navega por internet usted puede aceptar o rechazar las cookies de terceros desde las opciones de configuraci\u00f3n de su navegador.<\/p><p>\u00a0<\/p><p>S.I. trata los datos personales que se facilitan por los interesados:<\/p><p>\u00a0<\/p><p>Las bases jur\u00eddicas que legitiman el tratamiento de los datos por parte de S.I. es el consentimiento del interesado articulo 6.1 a).<\/p><p>\u00a0<\/p><p>Se garantiza la integridad, confidencialidad de sus datos personales con las medidas t\u00e9cnicas y organizativas necesarias en cada momento.<\/p><p>\u00a0<\/p><p>No est\u00e1 prevista transferencia internacional de datos.<\/p><p>\u00a0<\/p><p>Los datos proporcionados se conservar\u00e1n mientras no se solicite el ejercicio de derechos de supresi\u00f3n de sus datos personales y se utilizar\u00e1n respetando su voluntad en cada momento, que podr\u00e1 modificar mediante el ejercicio de derechos que le reconoce el Reglamento General de Protecci\u00f3n de Datos en adelante RGPD.<\/p><p>\u00a0<\/p><p>Si desea conocer la informaci\u00f3n sobre sus datos, corregir errores, suprimir datos, limitar su tratamiento o pedir que se trasladen a otra entidad, puede ejercer los derechos que le reconoce el Reglamento General de Protecci\u00f3n de Datos (RGPD) dirigi\u00e9ndose a la direcci\u00f3n postal C\/ Guerrero Juli\u00e1n S\u00e1nchez, 1 49017 Zamora o a la direcci\u00f3n de correo electr\u00f3nico si@solidaridadintergeneracional.es para acceder, rectificar, suprimir, oponerse, limitar, a portar sus datos personales y a no ser objeto de decisiones basadas \u00fanicamente en el tratamiento automatizado de sus datos, acompa\u00f1ando un documento identificativo junto con la solicitud. Igualmente, podr\u00e1 ejercitar sus derechos a trav\u00e9s de los formularios que ponemos a su disposici\u00f3n en esta web. Tiene derecho a presentar reclamaci\u00f3n ante la autoridad de control.<\/p><p>\u00a0<\/p><p><span style=\"text-decoration: underline;\"><strong>INFORMACI\u00d3N ADICIONAL SOBRE EL TRATAMIENTO DE SUS DATOS PERSONALES<\/strong><\/span><\/p><p>\u00a0<\/p><p>Desde el 25 de mayo de 2018, es de aplicaci\u00f3n directa el Reglamento General de Protecci\u00f3n de Datos (en adelante, RGPD)<\/p><p>\u00a0<\/p><p>\u00bfQui\u00e9n es el responsable del tratamiento de sus datos personales?<\/p><p>\u00a0<\/p><p>Solidaridad Intergeneracional (en adelante, S.I.)<\/p><p>\u00a0<\/p><p>Dir. Postal a efectos de notificaci\u00f3n: C\/ Guerrero Juli\u00e1n S\u00e1nchez, 1 49017 Zamora<\/p><p>\u00a0<\/p><p>Tel\u00e9fono: 980 55 78 38 \/ 900 101 332<\/p><p>\u00a0<\/p><p>Correo electr\u00f3nico: si@solidaridadintergeneracional.es<\/p><p>\u00a0<\/p><p>\u00bfQui\u00e9n velar\u00e1 por sus datos en S.I.?<\/p><p>\u00a0<\/p><p>El Responsable de Protecci\u00f3n de Datos de S.I., ser\u00e1 el garante del cumplimiento de la normativa de la protecci\u00f3n de datos.<\/p><p>\u00a0<\/p><p>\u00bfDurante cu\u00e1nto tiempo se conservar\u00e1n sus datos por parte de S.I.?<\/p><p>\u00a0<\/p><p>Los datos proporcionados para enviarle la informaci\u00f3n y responder a sus consultas se conservar\u00e1n mientras no se solicite el ejercicio de derechos de supresi\u00f3n de sus datos personales y se utilizar\u00e1n respetando su voluntad en cada momento, que podr\u00e1 modificar mediante el ejercicio de derechos que le reconoce el RGPD.<\/p><p>\u00a0<\/p><p>Los datos proporcionados para voluntariado y donantes, se conservar\u00e1n mientras no se solicite el ejercicio de derechos de supresi\u00f3n de sus datos personales y se utilizar\u00e1n respetando su voluntad en cada momento, que podr\u00e1 modificar mediante el ejercicio de derechos que le reconoce el RGPD.<\/p><p>\u00a0<\/p><p>En cuanto al resto de sus datos personales, se conservar\u00e1n durante el per\u00edodo que resulte necesario para el ejercicio o la defensa de potenciales reclamaciones, para cumplir con obligaciones legales siempre que lo permitiese la legislaci\u00f3n aplicable. Transcurridos los plazos de prescripci\u00f3n legal, destruiremos sus datos personales.<\/p><p>\u00a0<\/p><p>\u00bfLa legitimaci\u00f3n para el tratamiento de sus datos?<\/p><p>\u00a0<\/p><p>Las bases jur\u00eddicas que legitiman el tratamiento de los datos por parte de S.I. es el consentimiento del interesado articulo 6.1 a).<\/p><p>\u00a0<\/p><p>\u00bfA qui\u00e9n se comunicar\u00e1n sus datos?<\/p><p>\u00a0<\/p><p>Los datos no se ceder\u00e1n a terceros salvo en los casos en que exista una obligaci\u00f3n legal o previamente se consienta expresamente.<\/p><p>\u00a0<\/p><p>\u00bfCu\u00e1les son sus derechos cuando se facilitan datos personales?<\/p><p>\u00a0<\/p><p>Usted tiene derecho a ejercer los derechos de acceso, rectificaci\u00f3n, supresi\u00f3n, oposici\u00f3n, portabilidad, limitaci\u00f3n y revisi\u00f3n de decisiones automatizadas.<\/p><p>\u00a0<\/p><p>En el apartado Ejercicios de Derechos, se podr\u00e1 encontrar el proceso para el ejercicio de cada uno de los mismos.<\/p><p>\u00a0<\/p><p>Ejercicio de Derechos<\/p><p>\u00a0<\/p><p>Puede ejercer los derechos:<\/p><p>\u00a0<\/p><p>Por v\u00eda postal:<\/p><p>\u00a0<\/p><p>Dir. Postal a efectos de notificaci\u00f3n:<\/p><p>\u00a0<\/p><p>C\/ Guerrero Juli\u00e1n S\u00e1nchez, 1 49017 ZAMORA<\/p><p>\u00a0<\/p><p>Recuerde acompa\u00f1ar a su solicitud una copia del DNI.<\/p><p>\u00a0<\/p><p>Por correo electr\u00f3nico:<\/p><p>\u00a0<\/p><p>Correo electr\u00f3nico: si@solidaridadintergeneracional.es<\/p><p>\u00a0<\/p><p>Recuerde acompa\u00f1ar a su solicitud una copia del DNI o documento equivalente acreditativo de su identidad o representaci\u00f3n.<\/p><p>\u00a0<\/p><p>Formularios: <a href=\"https:\/\/solidaridadintergeneracional.es\/wp\/wp-content\/uploads\/2022\/12\/Ejercicio-de-Derechos-SI.pdf\" target=\"_blank\" rel=\"noopener\">Descargar<\/a><\/p><p>\u00a0<\/p><p><span style=\"text-decoration: underline;\">Derecho de Acceso<\/span><\/p><p>\u00a0<\/p><p>Derecho del interesado a solicitar y obtener del responsable del tratamiento informaci\u00f3n sobre los datos de car\u00e1cter personal que se tratan.<\/p><p>\u00a0<\/p><p><span style=\"text-decoration: underline;\">Derecho de Rectificaci\u00f3n<\/span><\/p><p>\u00a0<\/p><p>Derecho que tiene el interesado a rectificar sus datos cuando sean inexactos y\/o incompletos.<\/p><p>\u00a0<\/p><p><span style=\"text-decoration: underline;\">Derecho de Supresi\u00f3n, Cancelaci\u00f3n u Olvido<\/span><\/p><p>\u00a0<\/p><p>Derecho a obtener sin dilaci\u00f3n indebida del responsable del tratamiento la supresi\u00f3n de los datos personales que le conciernan.<\/p><p>\u00a0<\/p><p>Derecho a impedir la difusi\u00f3n de informaci\u00f3n personal a trav\u00e9s de Internet cuando su publicaci\u00f3n no cumple los requisitos de adecuaci\u00f3n y pertinencia previstos en la normativa.<\/p><p>\u00a0<\/p><p><span style=\"text-decoration: underline;\">Derecho de Oposici\u00f3n<\/span><\/p><p>\u00a0<\/p><p>Derecho a oponerse, en cualquier momento, por motivos relacionados con su situaci\u00f3n particular, a que datos personales que le conciernan sean objeto de un tratamiento.<\/p><p>\u00a0<\/p><p><span style=\"text-decoration: underline;\">Derecho de Portabilidad<\/span><\/p><p>\u00a0<\/p><p>Derecho a recibir los datos personales que le incumban, que haya facilitado a un responsable del tratamiento, en un formato estructurado y de uso habitual y de lectura mec\u00e1nica y a transmitirlos a otro responsable del tratamiento sin que lo impida el responsable del tratamiento al que se hubieran facilitado los datos. Forma avanzada del derecho de acceso.<\/p><p>\u00a0<\/p><p><span style=\"text-decoration: underline;\">Derecho de Limitaci\u00f3n<\/span><\/p><p>\u00a0<\/p><p>Derecho al marcado de los datos de car\u00e1cter personal conservados con el fin de limitar su tratamiento en el futuro.<\/p><p>\u00a0<\/p><p>Derecho a no ser objeto de una decisi\u00f3n que eval\u00fae aspectos personales relativos a \u00e9l, fundada \u00fanicamente en el tratamiento automatizado, incluida la elaboraci\u00f3n de perfiles, que tenga efectos jur\u00eddicos que le conciernan o que le afecte de modo significativo.<\/p><p>\u00a0<\/p><p><span style=\"text-decoration: underline;\">Derecho de Revisi\u00f3n de Decisiones Automatizadas<\/span><\/p><p>\u00a0<\/p><p>Derecho a no ser objeto de decisiones basadas \u00fanicamente en el tratamiento automatizado de sus datos.<\/p><p>\u00a0<\/p><p>\u00a0<\/p>\t\t\t\t\t\t\t\t<\/div>\n\t\t\t\t<\/div>\n\t\t\t\t\t<\/div>\n\t\t<\/div>\n\t\t\t\t\t<\/div>\n\t\t<\/section>\n\t\t\t\t<\/div>\n\t\t","protected":false},"excerpt":{"rendered":"<p>POL\u00cdTICA DE PRIVACIDAD INFORMACI\u00d3N B\u00c1SICA \u00a0 Responsable: Solidaridad Intergeneracional (en adelante S.I.) \u00a0 Direcci\u00f3n Postal a efectos de notificaci\u00f3n: C\/ Guerrero Juli\u00e1n S\u00e1nchez, 1 49017 Zamora \u00a0 Tel\u00e9fono: 980 55 78 38 \/ 900 101 332 \u00a0 Correo electr\u00f3nico: si@solidaridadintergeneracional.es \u00a0 Con la finalidad de&#8230;<\/p>\n","protected":false},"author":1,"featured_media":0,"parent":0,"menu_order":0,"comment_status":"closed","ping_status":"closed","template":"","meta":{"footnotes":""},"class_list":["post-45302","page","type-page","status-publish","hentry"],"yoast_head":"<!-- This site is optimized with the Yoast SEO plugin v27.4 - https:\/\/yoast.com\/product\/yoast-seo-wordpress\/ -->\n<title>Pol\u00edtica de Privacidad &#8211; Solidaridad Intergeneracional<\/title>\n<meta name=\"robots\" content=\"index, follow, max-snippet:-1, max-image-preview:large, max-video-preview:-1\" \/>\n<link rel=\"canonical\" href=\"https:\/\/solidaridadintergeneracional.es\/wp\/politica-de-privacidad\/\" \/>\n<meta property=\"og:locale\" content=\"es_ES\" \/>\n<meta property=\"og:type\" content=\"article\" \/>\n<meta property=\"og:title\" content=\"Pol\u00edtica de Privacidad &#8211; Solidaridad Intergeneracional\" \/>\n<meta property=\"og:description\" content=\"POL\u00cdTICA DE PRIVACIDAD INFORMACI\u00d3N B\u00c1SICA \u00a0 Responsable: Solidaridad Intergeneracional (en adelante S.I.) \u00a0 Direcci\u00f3n Postal a efectos de notificaci\u00f3n: C\/ Guerrero Juli\u00e1n S\u00e1nchez, 1 49017 Zamora \u00a0 Tel\u00e9fono: 980 55 78 38 \/ 900 101 332 \u00a0 Correo electr\u00f3nico: si@solidaridadintergeneracional.es \u00a0 Con la finalidad de...\" \/>\n<meta property=\"og:url\" content=\"https:\/\/solidaridadintergeneracional.es\/wp\/politica-de-privacidad\/\" \/>\n<meta property=\"og:site_name\" content=\"Solidaridad Intergeneracional\" \/>\n<meta property=\"article:publisher\" content=\"https:\/\/www.facebook.com\/SolidaridadIntergeneracional\/\" \/>\n<meta property=\"article:modified_time\" content=\"2022-12-07T12:33:00+00:00\" \/>\n<meta name=\"twitter:card\" content=\"summary_large_image\" \/>\n<meta name=\"twitter:site\" content=\"@E_Familia_\" \/>\n<meta name=\"twitter:label1\" content=\"Tiempo de lectura\" \/>\n\t<meta name=\"twitter:data1\" content=\"6 minutos\" \/>\n<script type=\"application\/ld+json\" class=\"yoast-schema-graph\">{\"@context\":\"https:\\\/\\\/schema.org\",\"@graph\":[{\"@type\":\"WebPage\",\"@id\":\"https:\\\/\\\/solidaridadintergeneracional.es\\\/wp\\\/politica-de-privacidad\\\/\",\"url\":\"https:\\\/\\\/solidaridadintergeneracional.es\\\/wp\\\/politica-de-privacidad\\\/\",\"name\":\"Pol\u00edtica de Privacidad &#8211; Solidaridad Intergeneracional\",\"isPartOf\":{\"@id\":\"https:\\\/\\\/solidaridadintergeneracional.es\\\/wp\\\/#website\"},\"datePublished\":\"2022-12-07T12:08:59+00:00\",\"dateModified\":\"2022-12-07T12:33:00+00:00\",\"breadcrumb\":{\"@id\":\"https:\\\/\\\/solidaridadintergeneracional.es\\\/wp\\\/politica-de-privacidad\\\/#breadcrumb\"},\"inLanguage\":\"es\",\"potentialAction\":[{\"@type\":\"ReadAction\",\"target\":[\"https:\\\/\\\/solidaridadintergeneracional.es\\\/wp\\\/politica-de-privacidad\\\/\"]}]},{\"@type\":\"BreadcrumbList\",\"@id\":\"https:\\\/\\\/solidaridadintergeneracional.es\\\/wp\\\/politica-de-privacidad\\\/#breadcrumb\",\"itemListElement\":[{\"@type\":\"ListItem\",\"position\":1,\"name\":\"Portada\",\"item\":\"https:\\\/\\\/solidaridadintergeneracional.es\\\/wp\\\/\"},{\"@type\":\"ListItem\",\"position\":2,\"name\":\"Pol\u00edtica de Privacidad\"}]},{\"@type\":\"WebSite\",\"@id\":\"https:\\\/\\\/solidaridadintergeneracional.es\\\/wp\\\/#website\",\"url\":\"https:\\\/\\\/solidaridadintergeneracional.es\\\/wp\\\/\",\"name\":\"Solidaridad Intergeneracional\",\"description\":\"Toda la informaci\u00f3n sociosanitaria a tu servicio\",\"publisher\":{\"@id\":\"https:\\\/\\\/solidaridadintergeneracional.es\\\/wp\\\/#organization\"},\"potentialAction\":[{\"@type\":\"SearchAction\",\"target\":{\"@type\":\"EntryPoint\",\"urlTemplate\":\"https:\\\/\\\/solidaridadintergeneracional.es\\\/wp\\\/?s={search_term_string}\"},\"query-input\":{\"@type\":\"PropertyValueSpecification\",\"valueRequired\":true,\"valueName\":\"search_term_string\"}}],\"inLanguage\":\"es\"},{\"@type\":\"Organization\",\"@id\":\"https:\\\/\\\/solidaridadintergeneracional.es\\\/wp\\\/#organization\",\"name\":\"Solidaridad Intergeneracional\",\"url\":\"https:\\\/\\\/solidaridadintergeneracional.es\\\/wp\\\/\",\"logo\":{\"@type\":\"ImageObject\",\"inLanguage\":\"es\",\"@id\":\"https:\\\/\\\/solidaridadintergeneracional.es\\\/wp\\\/#\\\/schema\\\/logo\\\/image\\\/\",\"url\":\"https:\\\/\\\/solidaridadintergeneracional.es\\\/wp\\\/wp-content\\\/uploads\\\/2020\\\/02\\\/logo-solidaridad.963ff81b.png\",\"contentUrl\":\"https:\\\/\\\/solidaridadintergeneracional.es\\\/wp\\\/wp-content\\\/uploads\\\/2020\\\/02\\\/logo-solidaridad.963ff81b.png\",\"width\":825,\"height\":288,\"caption\":\"Solidaridad Intergeneracional\"},\"image\":{\"@id\":\"https:\\\/\\\/solidaridadintergeneracional.es\\\/wp\\\/#\\\/schema\\\/logo\\\/image\\\/\"},\"sameAs\":[\"https:\\\/\\\/www.facebook.com\\\/SolidaridadIntergeneracional\\\/\",\"https:\\\/\\\/x.com\\\/E_Familia_\",\"https:\\\/\\\/www.youtube.com\\\/channel\\\/UCt5BNW3Z7_ACkBDg_6ujXTQ\"]}]}<\/script>\n<!-- \/ Yoast SEO plugin. -->","yoast_head_json":{"title":"Pol\u00edtica de Privacidad &#8211; Solidaridad Intergeneracional","robots":{"index":"index","follow":"follow","max-snippet":"max-snippet:-1","max-image-preview":"max-image-preview:large","max-video-preview":"max-video-preview:-1"},"canonical":"https:\/\/solidaridadintergeneracional.es\/wp\/politica-de-privacidad\/","og_locale":"es_ES","og_type":"article","og_title":"Pol\u00edtica de Privacidad &#8211; Solidaridad Intergeneracional","og_description":"POL\u00cdTICA DE PRIVACIDAD INFORMACI\u00d3N B\u00c1SICA \u00a0 Responsable: Solidaridad Intergeneracional (en adelante S.I.) \u00a0 Direcci\u00f3n Postal a efectos de notificaci\u00f3n: C\/ Guerrero Juli\u00e1n S\u00e1nchez, 1 49017 Zamora \u00a0 Tel\u00e9fono: 980 55 78 38 \/ 900 101 332 \u00a0 Correo electr\u00f3nico: si@solidaridadintergeneracional.es \u00a0 Con la finalidad de...","og_url":"https:\/\/solidaridadintergeneracional.es\/wp\/politica-de-privacidad\/","og_site_name":"Solidaridad Intergeneracional","article_publisher":"https:\/\/www.facebook.com\/SolidaridadIntergeneracional\/","article_modified_time":"2022-12-07T12:33:00+00:00","twitter_card":"summary_large_image","twitter_site":"@E_Familia_","twitter_misc":{"Tiempo de lectura":"6 minutos"},"schema":{"@context":"https:\/\/schema.org","@graph":[{"@type":"WebPage","@id":"https:\/\/solidaridadintergeneracional.es\/wp\/politica-de-privacidad\/","url":"https:\/\/solidaridadintergeneracional.es\/wp\/politica-de-privacidad\/","name":"Pol\u00edtica de Privacidad &#8211; Solidaridad Intergeneracional","isPartOf":{"@id":"https:\/\/solidaridadintergeneracional.es\/wp\/#website"},"datePublished":"2022-12-07T12:08:59+00:00","dateModified":"2022-12-07T12:33:00+00:00","breadcrumb":{"@id":"https:\/\/solidaridadintergeneracional.es\/wp\/politica-de-privacidad\/#breadcrumb"},"inLanguage":"es","potentialAction":[{"@type":"ReadAction","target":["https:\/\/solidaridadintergeneracional.es\/wp\/politica-de-privacidad\/"]}]},{"@type":"BreadcrumbList","@id":"https:\/\/solidaridadintergeneracional.es\/wp\/politica-de-privacidad\/#breadcrumb","itemListElement":[{"@type":"ListItem","position":1,"name":"Portada","item":"https:\/\/solidaridadintergeneracional.es\/wp\/"},{"@type":"ListItem","position":2,"name":"Pol\u00edtica de Privacidad"}]},{"@type":"WebSite","@id":"https:\/\/solidaridadintergeneracional.es\/wp\/#website","url":"https:\/\/solidaridadintergeneracional.es\/wp\/","name":"Solidaridad Intergeneracional","description":"Toda la informaci\u00f3n sociosanitaria a tu servicio","publisher":{"@id":"https:\/\/solidaridadintergeneracional.es\/wp\/#organization"},"potentialAction":[{"@type":"SearchAction","target":{"@type":"EntryPoint","urlTemplate":"https:\/\/solidaridadintergeneracional.es\/wp\/?s={search_term_string}"},"query-input":{"@type":"PropertyValueSpecification","valueRequired":true,"valueName":"search_term_string"}}],"inLanguage":"es"},{"@type":"Organization","@id":"https:\/\/solidaridadintergeneracional.es\/wp\/#organization","name":"Solidaridad Intergeneracional","url":"https:\/\/solidaridadintergeneracional.es\/wp\/","logo":{"@type":"ImageObject","inLanguage":"es","@id":"https:\/\/solidaridadintergeneracional.es\/wp\/#\/schema\/logo\/image\/","url":"https:\/\/solidaridadintergeneracional.es\/wp\/wp-content\/uploads\/2020\/02\/logo-solidaridad.963ff81b.png","contentUrl":"https:\/\/solidaridadintergeneracional.es\/wp\/wp-content\/uploads\/2020\/02\/logo-solidaridad.963ff81b.png","width":825,"height":288,"caption":"Solidaridad Intergeneracional"},"image":{"@id":"https:\/\/solidaridadintergeneracional.es\/wp\/#\/schema\/logo\/image\/"},"sameAs":["https:\/\/www.facebook.com\/SolidaridadIntergeneracional\/","https:\/\/x.com\/E_Familia_","https:\/\/www.youtube.com\/channel\/UCt5BNW3Z7_ACkBDg_6ujXTQ"]}]}},"_links":{"self":[{"href":"https:\/\/solidaridadintergeneracional.es\/wp\/wp-json\/wp\/v2\/pages\/45302","targetHints":{"allow":["GET"]}}],"collection":[{"href":"https:\/\/solidaridadintergeneracional.es\/wp\/wp-json\/wp\/v2\/pages"}],"about":[{"href":"https:\/\/solidaridadintergeneracional.es\/wp\/wp-json\/wp\/v2\/types\/page"}],"author":[{"embeddable":true,"href":"https:\/\/solidaridadintergeneracional.es\/wp\/wp-json\/wp\/v2\/users\/1"}],"replies":[{"embeddable":true,"href":"https:\/\/solidaridadintergeneracional.es\/wp\/wp-json\/wp\/v2\/comments?post=45302"}],"version-history":[{"count":0,"href":"https:\/\/solidaridadintergeneracional.es\/wp\/wp-json\/wp\/v2\/pages\/45302\/revisions"}],"wp:attachment":[{"href":"https:\/\/solidaridadintergeneracional.es\/wp\/wp-json\/wp\/v2\/media?parent=45302"}],"curies":[{"name":"wp","href":"https:\/\/api.w.org\/{rel}","templated":true}]}}